{"id":16,"date":"2024-04-25T10:33:09","date_gmt":"2024-04-25T08:33:09","guid":{"rendered":"http:\/\/wordpress.p667731.webspaceconfig.de\/?page_id=16"},"modified":"2025-12-19T13:10:54","modified_gmt":"2025-12-19T12:10:54","slug":"borghorst-geschichte","status":"publish","type":"page","link":"https:\/\/heimatverein-borghorst.de\/index.php\/borghorst-geschichte\/","title":{"rendered":"Borghorster Geschichte"},"content":{"rendered":"\n<div class=\"wp-block-cover alignfull is-light\"><img loading=\"lazy\" decoding=\"async\" width=\"1024\" height=\"621\" class=\"wp-block-cover__image-background wp-image-636 size-large\" alt=\"\" src=\"https:\/\/heimatverein-borghorst.de\/wp-content\/uploads\/2024\/07\/Homebild-scaled-1-1024x621.jpg\" data-object-fit=\"cover\" srcset=\"https:\/\/heimatverein-borghorst.de\/wp-content\/uploads\/2024\/07\/Homebild-scaled-1-1024x621.jpg 1024w, https:\/\/heimatverein-borghorst.de\/wp-content\/uploads\/2024\/07\/Homebild-scaled-1-300x182.jpg 300w, https:\/\/heimatverein-borghorst.de\/wp-content\/uploads\/2024\/07\/Homebild-scaled-1-768x466.jpg 768w, https:\/\/heimatverein-borghorst.de\/wp-content\/uploads\/2024\/07\/Homebild-scaled-1-1536x932.jpg 1536w, https:\/\/heimatverein-borghorst.de\/wp-content\/uploads\/2024\/07\/Homebild-scaled-1-2048x1242.jpg 2048w\" sizes=\"auto, (max-width: 1024px) 100vw, 1024px\" \/><span aria-hidden=\"true\" class=\"wp-block-cover__background has-background-dim-10 has-background-dim\" style=\"background-color:#7c8399\"><\/span><div class=\"wp-block-cover__inner-container is-layout-constrained wp-block-cover-is-layout-constrained\">\n<p class=\"has-text-align-center has-nv-site-bg-color has-text-color has-background has-link-color has-large-font-size wp-elements-e8998ed884a52cb6efb9bafc6001c79e\" style=\"background-color:#8f8f8f6e\"><strong>Borghorster Geschichte<\/strong><\/p>\n<\/div><\/div>\n\n\n\n<div style=\"height:50px\" aria-hidden=\"true\" class=\"wp-block-spacer\"><\/div>\n\n\n\n<p><\/p>\n\n\n\n<div class=\"wp-block-cover\"><span aria-hidden=\"true\" class=\"wp-block-cover__background has-nv-light-bg-background-color has-background-dim-80 has-background-dim\"><\/span><div class=\"wp-block-cover__inner-container is-layout-constrained wp-block-cover-is-layout-constrained\">\n<p class=\"has-text-align-center has-nv-site-bg-color has-text-color has-link-color has-large-font-size wp-elements-91f4d8917051633712204e25f0fd5b76\"><\/p>\n\n\n\n<p class=\"has-neve-link-color-color has-text-color has-link-color wp-elements-473dd8f3d3e7329d8501a26f41b51352\" style=\"font-size:20px\">Die geschichtlichen Nachrichten \u00fcber Borghorst reichen bis in das 10. Jahrhundert zur\u00fcck. Drei Kaiserurkunden, von denen eine \u2013 im Jahre 989 von Kaiser Otto III ausgefertigt \u2013 sich im Original im Staatsarchiv Magdeburg befindet, berichtet von der Gr\u00fcndung des Stiftes Borghorst durch Gr\u00e4fin Bertha, der Witwe des Grafen Bernhard von Borghorst, der im Jahre 935 starb.<br>Aus dem 11.Jahrhundert stammt das Borghorster Stiftskreuz, das wertvollste Kleinod der St. Nikomedes Kirche. Die von \u00c4btissin Isabella von Nagel im Jahre 1756 erbaute Aloysiuskapelle ist uns erhalten geblieben. Dieses freiweltlich-adelige Damenstift, das im Jahre 968 gegr\u00fcndet und im Jahre 1811 aufgehoben wurde, insgesamt also 843 Jahre bestanden hat, war Mittelpunkt des Dorfes Borghorst, in diesem sich Handwerker und H\u00e4ndler im Laufe der Zeit ansiedelten, die vornehmlich Linnen herstellten und vertrieben.<br>1570 wird Borghorst als Mitglied der kleinen Hansest\u00e4dte des M\u00fcnsterlandes genannt. 1657 erteilte Graf Philipp Conrad von Bentheim-Steinfurt den Leinentuchmachern die Erlaubnis, eine eigene Gilde zu gr\u00fcnden. In der Mitte des 19. Jahrhunderts setzte f\u00fcr Borghorst eine neue Entwicklung ein. Die Inhaber der Faktoreien, die die von den Handwebern erzeugten Waren aufkauften und zum Versand brachten, gr\u00fcndeten ab 1855 die ersten mechanischen Webereien und Spinnereien, die bis vor einigen Jahren noch das Wirtschaftsleben unserer Stadt beherrschen. Diese Industrialisierung gab den Ansto\u00df zu einer raschen Aufw\u00e4rtsentwicklung. Der Textilstadt Borghorst wurde am 21.05.1950 durch den Innenminister des Landes Nord-Rhein-Westfalen die Stadtrechte verliehen.<\/p>\n\n\n\n<div style=\"height:20px\" aria-hidden=\"true\" class=\"wp-block-spacer\"><\/div>\n\n\n\n<p class=\"has-neve-link-color-color has-text-color has-link-color wp-elements-d32ec1a50fa6a388113a76efd0940655\" style=\"font-size:30px\">Borghorster Stadtwappen<\/p>\n\n\n\n<div style=\"height:30px\" aria-hidden=\"true\" class=\"wp-block-spacer\"><\/div>\n\n\n\n<div class=\"wp-block-media-text is-stacked-on-mobile\" style=\"grid-template-columns:21% auto\"><figure class=\"wp-block-media-text__media\"><img loading=\"lazy\" decoding=\"async\" width=\"103\" height=\"121\" src=\"https:\/\/heimatverein-borghorst.de\/wp-content\/uploads\/2024\/05\/Logo-1.jpg\" alt=\"\" class=\"wp-image-520 size-full\"\/><\/figure><div class=\"wp-block-media-text__content\">\n<p><\/p>\n\n\n\n<p class=\"has-neve-link-color-color has-text-color has-link-color wp-elements-19c7c8e56e557db5be5fbc1afe165b5e\" style=\"font-size:20px\">Am 3. Oktober 1930 erteilte das preu\u00dfische Staatsministerium der Ortschaft Borghorst das Recht zur F\u00fchrung eines Gemeindewappens. Das Wappen zeigt im silbernen Schild neun blaue Rauten (5.4). Es ist das abgewandelte Wappen der Burgm\u00e4nner von Borghorst zu Horstmar, die zu den Ministerialen oder Dienstmannen des Bischofs von M\u00fcnster geh\u00f6rten. Zwischen diesen Horstmarer Burgm\u00e4nnern und der schon im 10. Jahrhundert ausgestorbenen Stifterfamilie von Borghorst besteht kein famili\u00e4rer Zusammenhang.<br>Die Deutung, die der hiesige Volksmund den neun Rauten im Borghorster Stadtwappen gegeben hat, h\u00f6rt sich zwar ganz nett an, trifft aber auch nicht zu: Die neun Rauten sind nicht die heraldischen Symbole f\u00fcr die neun Borghorster Schulzenh\u00f6fe Schulze Raestrup (Vehoff), Schulze Dahlhoff, Schulze D\u00fcding, Schulze K\u00f6nig, Schulze Marquarding, Schulze N\u00fcnning, Schulze Pr\u00f6bsting, Schulze Severing und Schulze Spenneberg.<br>F\u00fcr das Wappen von Borghorst mit neun Rauten haben wir bisher nur einen einzigen Anhaltspunkt finden k\u00f6nnen. Es ist eine kleine, bleigefasste Wappenscheibe im Besitz der Familie Franz Klein in Borghorst. Sie stellt eine Burg im Walde (Deutung des Namens Borghorst) dar und zeigt zwischen den beiden T\u00fcrmen das neunrautige Wappen.<\/p>\n<\/div><\/div>\n<\/div><\/div>\n\n\n\n<div style=\"height:50px\" aria-hidden=\"true\" class=\"wp-block-spacer\"><\/div>\n","protected":false},"excerpt":{"rendered":"","protected":false},"author":5,"featured_media":0,"parent":0,"menu_order":0,"comment_status":"closed","ping_status":"closed","template":"","meta":{"_canonical_pages":true,"_canonical_pages_meta":{"option":"this","url":""},"neve_meta_sidebar":"","neve_meta_container":"","neve_meta_enable_content_width":"on","neve_meta_content_width":100,"neve_meta_title_alignment":"","neve_meta_author_avatar":"","neve_post_elements_order":"","neve_meta_disable_header":"","neve_meta_disable_footer":"off","neve_meta_disable_title":"on","pgc_sgb_lightbox_settings":"","footnotes":""},"class_list":["post-16","page","type-page","status-publish","hentry"],"yoast_head":"<!-- This site is optimized with the Yoast SEO plugin v27.4 - https:\/\/yoast.com\/product\/yoast-seo-wordpress\/ -->\n<title>Borghorster Geschichte - Heimatverein-Borghorst e.V.<\/title>\n<meta name=\"robots\" content=\"index, follow, max-snippet:-1, max-image-preview:large, max-video-preview:-1\" \/>\n<link rel=\"canonical\" href=\"https:\/\/heimatverein-borghorst.de\/index.php\/borghorst-geschichte\/\" \/>\n<meta property=\"og:locale\" content=\"de_DE\" \/>\n<meta property=\"og:type\" content=\"article\" \/>\n<meta property=\"og:title\" content=\"Borghorster Geschichte - Heimatverein-Borghorst e.V.\" \/>\n<meta property=\"og:url\" content=\"https:\/\/heimatverein-borghorst.de\/index.php\/borghorst-geschichte\/\" \/>\n<meta property=\"og:site_name\" content=\"Heimatverein-Borghorst e.V.\" \/>\n<meta property=\"article:modified_time\" content=\"2025-12-19T12:10:54+00:00\" \/>\n<meta property=\"og:image\" content=\"https:\/\/heimatverein-borghorst.de\/wp-content\/uploads\/2024\/07\/Homebild-scaled-1.jpg\" \/>\n\t<meta property=\"og:image:width\" content=\"2560\" \/>\n\t<meta property=\"og:image:height\" content=\"1553\" \/>\n\t<meta property=\"og:image:type\" content=\"image\/jpeg\" \/>\n<meta name=\"twitter:card\" content=\"summary_large_image\" \/>\n<meta name=\"twitter:label1\" content=\"Gesch\u00e4tzte Lesezeit\" \/>\n\t<meta name=\"twitter:data1\" content=\"3\u00a0Minuten\" \/>\n<script type=\"application\/ld+json\" class=\"yoast-schema-graph\">{\"@context\":\"https:\\\/\\\/schema.org\",\"@graph\":[{\"@type\":\"WebPage\",\"@id\":\"https:\\\/\\\/heimatverein-borghorst.de\\\/index.php\\\/borghorst-geschichte\\\/\",\"url\":\"https:\\\/\\\/heimatverein-borghorst.de\\\/index.php\\\/borghorst-geschichte\\\/\",\"name\":\"Borghorster Geschichte - Heimatverein-Borghorst e.V.\",\"isPartOf\":{\"@id\":\"https:\\\/\\\/heimatverein-borghorst.de\\\/#website\"},\"primaryImageOfPage\":{\"@id\":\"https:\\\/\\\/heimatverein-borghorst.de\\\/index.php\\\/borghorst-geschichte\\\/#primaryimage\"},\"image\":{\"@id\":\"https:\\\/\\\/heimatverein-borghorst.de\\\/index.php\\\/borghorst-geschichte\\\/#primaryimage\"},\"thumbnailUrl\":\"https:\\\/\\\/heimatverein-borghorst.de\\\/wp-content\\\/uploads\\\/2024\\\/07\\\/Homebild-scaled-1-1024x621.jpg\",\"datePublished\":\"2024-04-25T08:33:09+00:00\",\"dateModified\":\"2025-12-19T12:10:54+00:00\",\"breadcrumb\":{\"@id\":\"https:\\\/\\\/heimatverein-borghorst.de\\\/index.php\\\/borghorst-geschichte\\\/#breadcrumb\"},\"inLanguage\":\"de\",\"potentialAction\":[{\"@type\":\"ReadAction\",\"target\":[\"https:\\\/\\\/heimatverein-borghorst.de\\\/index.php\\\/borghorst-geschichte\\\/\"]}]},{\"@type\":\"ImageObject\",\"inLanguage\":\"de\",\"@id\":\"https:\\\/\\\/heimatverein-borghorst.de\\\/index.php\\\/borghorst-geschichte\\\/#primaryimage\",\"url\":\"https:\\\/\\\/heimatverein-borghorst.de\\\/wp-content\\\/uploads\\\/2024\\\/07\\\/Homebild-scaled-1.jpg\",\"contentUrl\":\"https:\\\/\\\/heimatverein-borghorst.de\\\/wp-content\\\/uploads\\\/2024\\\/07\\\/Homebild-scaled-1.jpg\",\"width\":2560,\"height\":1553},{\"@type\":\"BreadcrumbList\",\"@id\":\"https:\\\/\\\/heimatverein-borghorst.de\\\/index.php\\\/borghorst-geschichte\\\/#breadcrumb\",\"itemListElement\":[{\"@type\":\"ListItem\",\"position\":1,\"name\":\"Startseite\",\"item\":\"https:\\\/\\\/heimatverein-borghorst.de\\\/\"},{\"@type\":\"ListItem\",\"position\":2,\"name\":\"Borghorster Geschichte\"}]},{\"@type\":\"WebSite\",\"@id\":\"https:\\\/\\\/heimatverein-borghorst.de\\\/#website\",\"url\":\"https:\\\/\\\/heimatverein-borghorst.de\\\/\",\"name\":\"Heimatverein-Borghorst e.V.\",\"description\":\"\",\"publisher\":{\"@id\":\"https:\\\/\\\/heimatverein-borghorst.de\\\/#organization\"},\"potentialAction\":[{\"@type\":\"SearchAction\",\"target\":{\"@type\":\"EntryPoint\",\"urlTemplate\":\"https:\\\/\\\/heimatverein-borghorst.de\\\/?s={search_term_string}\"},\"query-input\":{\"@type\":\"PropertyValueSpecification\",\"valueRequired\":true,\"valueName\":\"search_term_string\"}}],\"inLanguage\":\"de\"},{\"@type\":\"Organization\",\"@id\":\"https:\\\/\\\/heimatverein-borghorst.de\\\/#organization\",\"name\":\"Heimatverein-Borghorst e.V.\",\"url\":\"https:\\\/\\\/heimatverein-borghorst.de\\\/\",\"logo\":{\"@type\":\"ImageObject\",\"inLanguage\":\"de\",\"@id\":\"https:\\\/\\\/heimatverein-borghorst.de\\\/#\\\/schema\\\/logo\\\/image\\\/\",\"url\":\"https:\\\/\\\/heimatverein-borghorst.de\\\/wp-content\\\/uploads\\\/2024\\\/05\\\/Logo.jpg\",\"contentUrl\":\"https:\\\/\\\/heimatverein-borghorst.de\\\/wp-content\\\/uploads\\\/2024\\\/05\\\/Logo.jpg\",\"width\":103,\"height\":121,\"caption\":\"Heimatverein-Borghorst e.V.\"},\"image\":{\"@id\":\"https:\\\/\\\/heimatverein-borghorst.de\\\/#\\\/schema\\\/logo\\\/image\\\/\"}}]}<\/script>\n<!-- \/ Yoast SEO plugin. -->","yoast_head_json":{"title":"Borghorster Geschichte - Heimatverein-Borghorst e.V.","robots":{"index":"index","follow":"follow","max-snippet":"max-snippet:-1","max-image-preview":"max-image-preview:large","max-video-preview":"max-video-preview:-1"},"canonical":"https:\/\/heimatverein-borghorst.de\/index.php\/borghorst-geschichte\/","og_locale":"de_DE","og_type":"article","og_title":"Borghorster Geschichte - Heimatverein-Borghorst e.V.","og_url":"https:\/\/heimatverein-borghorst.de\/index.php\/borghorst-geschichte\/","og_site_name":"Heimatverein-Borghorst e.V.","article_modified_time":"2025-12-19T12:10:54+00:00","og_image":[{"width":2560,"height":1553,"url":"https:\/\/heimatverein-borghorst.de\/wp-content\/uploads\/2024\/07\/Homebild-scaled-1.jpg","type":"image\/jpeg"}],"twitter_card":"summary_large_image","twitter_misc":{"Gesch\u00e4tzte Lesezeit":"3\u00a0Minuten"},"schema":{"@context":"https:\/\/schema.org","@graph":[{"@type":"WebPage","@id":"https:\/\/heimatverein-borghorst.de\/index.php\/borghorst-geschichte\/","url":"https:\/\/heimatverein-borghorst.de\/index.php\/borghorst-geschichte\/","name":"Borghorster Geschichte - Heimatverein-Borghorst e.V.","isPartOf":{"@id":"https:\/\/heimatverein-borghorst.de\/#website"},"primaryImageOfPage":{"@id":"https:\/\/heimatverein-borghorst.de\/index.php\/borghorst-geschichte\/#primaryimage"},"image":{"@id":"https:\/\/heimatverein-borghorst.de\/index.php\/borghorst-geschichte\/#primaryimage"},"thumbnailUrl":"https:\/\/heimatverein-borghorst.de\/wp-content\/uploads\/2024\/07\/Homebild-scaled-1-1024x621.jpg","datePublished":"2024-04-25T08:33:09+00:00","dateModified":"2025-12-19T12:10:54+00:00","breadcrumb":{"@id":"https:\/\/heimatverein-borghorst.de\/index.php\/borghorst-geschichte\/#breadcrumb"},"inLanguage":"de","potentialAction":[{"@type":"ReadAction","target":["https:\/\/heimatverein-borghorst.de\/index.php\/borghorst-geschichte\/"]}]},{"@type":"ImageObject","inLanguage":"de","@id":"https:\/\/heimatverein-borghorst.de\/index.php\/borghorst-geschichte\/#primaryimage","url":"https:\/\/heimatverein-borghorst.de\/wp-content\/uploads\/2024\/07\/Homebild-scaled-1.jpg","contentUrl":"https:\/\/heimatverein-borghorst.de\/wp-content\/uploads\/2024\/07\/Homebild-scaled-1.jpg","width":2560,"height":1553},{"@type":"BreadcrumbList","@id":"https:\/\/heimatverein-borghorst.de\/index.php\/borghorst-geschichte\/#breadcrumb","itemListElement":[{"@type":"ListItem","position":1,"name":"Startseite","item":"https:\/\/heimatverein-borghorst.de\/"},{"@type":"ListItem","position":2,"name":"Borghorster Geschichte"}]},{"@type":"WebSite","@id":"https:\/\/heimatverein-borghorst.de\/#website","url":"https:\/\/heimatverein-borghorst.de\/","name":"Heimatverein-Borghorst e.V.","description":"","publisher":{"@id":"https:\/\/heimatverein-borghorst.de\/#organization"},"potentialAction":[{"@type":"SearchAction","target":{"@type":"EntryPoint","urlTemplate":"https:\/\/heimatverein-borghorst.de\/?s={search_term_string}"},"query-input":{"@type":"PropertyValueSpecification","valueRequired":true,"valueName":"search_term_string"}}],"inLanguage":"de"},{"@type":"Organization","@id":"https:\/\/heimatverein-borghorst.de\/#organization","name":"Heimatverein-Borghorst e.V.","url":"https:\/\/heimatverein-borghorst.de\/","logo":{"@type":"ImageObject","inLanguage":"de","@id":"https:\/\/heimatverein-borghorst.de\/#\/schema\/logo\/image\/","url":"https:\/\/heimatverein-borghorst.de\/wp-content\/uploads\/2024\/05\/Logo.jpg","contentUrl":"https:\/\/heimatverein-borghorst.de\/wp-content\/uploads\/2024\/05\/Logo.jpg","width":103,"height":121,"caption":"Heimatverein-Borghorst e.V."},"image":{"@id":"https:\/\/heimatverein-borghorst.de\/#\/schema\/logo\/image\/"}}]}},"_links":{"self":[{"href":"https:\/\/heimatverein-borghorst.de\/index.php\/wp-json\/wp\/v2\/pages\/16","targetHints":{"allow":["GET"]}}],"collection":[{"href":"https:\/\/heimatverein-borghorst.de\/index.php\/wp-json\/wp\/v2\/pages"}],"about":[{"href":"https:\/\/heimatverein-borghorst.de\/index.php\/wp-json\/wp\/v2\/types\/page"}],"author":[{"embeddable":true,"href":"https:\/\/heimatverein-borghorst.de\/index.php\/wp-json\/wp\/v2\/users\/5"}],"replies":[{"embeddable":true,"href":"https:\/\/heimatverein-borghorst.de\/index.php\/wp-json\/wp\/v2\/comments?post=16"}],"version-history":[{"count":16,"href":"https:\/\/heimatverein-borghorst.de\/index.php\/wp-json\/wp\/v2\/pages\/16\/revisions"}],"predecessor-version":[{"id":14628,"href":"https:\/\/heimatverein-borghorst.de\/index.php\/wp-json\/wp\/v2\/pages\/16\/revisions\/14628"}],"wp:attachment":[{"href":"https:\/\/heimatverein-borghorst.de\/index.php\/wp-json\/wp\/v2\/media?parent=16"}],"curies":[{"name":"wp","href":"https:\/\/api.w.org\/{rel}","templated":true}]}}