{"id":204,"date":"2024-04-25T14:20:02","date_gmt":"2024-04-25T12:20:02","guid":{"rendered":"http:\/\/wordpress.p667731.webspaceconfig.de\/?page_id=204"},"modified":"2025-12-18T13:51:15","modified_gmt":"2025-12-18T12:51:15","slug":"ackerbuergerhaus","status":"publish","type":"page","link":"https:\/\/heimatverein-borghorst.de\/index.php\/ackerbuergerhaus\/","title":{"rendered":"Haus am Buckshook"},"content":{"rendered":"\n<div class=\"wp-block-cover alignfull is-light\" style=\"min-height:550px;aspect-ratio:unset;\"><img loading=\"lazy\" decoding=\"async\" width=\"1024\" height=\"576\" class=\"wp-block-cover__image-background wp-image-539 size-large\" alt=\"\" src=\"https:\/\/heimatverein-borghorst.de\/wp-content\/uploads\/2024\/05\/Buckshook-4-Leineweberhaus-Heimatverein-101-scaled-1-1024x576.jpg\" data-object-fit=\"cover\" srcset=\"https:\/\/heimatverein-borghorst.de\/wp-content\/uploads\/2024\/05\/Buckshook-4-Leineweberhaus-Heimatverein-101-scaled-1-1024x576.jpg 1024w, https:\/\/heimatverein-borghorst.de\/wp-content\/uploads\/2024\/05\/Buckshook-4-Leineweberhaus-Heimatverein-101-scaled-1-300x169.jpg 300w, https:\/\/heimatverein-borghorst.de\/wp-content\/uploads\/2024\/05\/Buckshook-4-Leineweberhaus-Heimatverein-101-scaled-1-768x432.jpg 768w, https:\/\/heimatverein-borghorst.de\/wp-content\/uploads\/2024\/05\/Buckshook-4-Leineweberhaus-Heimatverein-101-scaled-1-1536x864.jpg 1536w, https:\/\/heimatverein-borghorst.de\/wp-content\/uploads\/2024\/05\/Buckshook-4-Leineweberhaus-Heimatverein-101-scaled-1-2048x1152.jpg 2048w\" sizes=\"auto, (max-width: 1024px) 100vw, 1024px\" \/><span aria-hidden=\"true\" class=\"wp-block-cover__background has-background-dim-20 has-background-dim\" style=\"background-color:#7c8399\"><\/span><div class=\"wp-block-cover__inner-container is-layout-constrained wp-block-cover-is-layout-constrained\">\n<p class=\"has-text-align-center has-nv-site-bg-color has-text-color has-background has-link-color has-large-font-size wp-elements-067bf7029064cc14cedacf3822325496\" style=\"background-color:#8f8f8f6e\"><strong>Das Acker\u00adb\u00fcrgerhaus im Buckshook<\/strong><\/p>\n<\/div><\/div>\n\n\n\n<p><\/p>\n\n\n\n<div style=\"height:50px\" aria-hidden=\"true\" class=\"wp-block-spacer\"><\/div>\n\n\n\n<div class=\"wp-block-cover is-light\"><span aria-hidden=\"true\" class=\"wp-block-cover__background has-background-dim-80 has-background-dim\" style=\"background-color:#FFF\"><\/span><div class=\"wp-block-cover__inner-container is-layout-constrained wp-block-cover-is-layout-constrained\">\n<p class=\"has-text-align-center has-large-font-size\"><\/p>\n\n\n\n<h2 class=\"wp-block-heading has-neve-link-color-color has-text-color has-link-color wp-elements-c574e6ea58c453edf2137be1da8ccb01\" style=\"font-size:30px\">K\u00f6tterhaus Buckshook<\/h2>\n\n\n\n<p class=\"has-neve-link-color-color has-text-color has-link-color wp-elements-b347c9c50351073e0dae271aa8e45aa5\" style=\"font-size:18px\">Ein Wohnhaus (1657) im Stadtkern von Borghorst, Buckshook 4 Lehmfachwerk, wahrscheinlich das \u00e4lteste erhaltene Haus in Borghorst.<\/p>\n\n\n\n<p class=\"has-neve-link-color-color has-text-color has-link-color wp-elements-60638de72f80d69d25dd8f71fc1d3c2d\" style=\"font-size:18px\">Am Buckshook steht das kleine K\u00f6tterhaus Nr. 4, das auf das Jahr 1657 datiert ist und damit sicher das \u00e4lteste in Borghorst erhaltene Haus ist. Wie dieses d\u00fcrften die meisten Wohnh\u00e4user der d\u00f6rflichen Weber hier ausgesehen haben, denn auf alten Fotos kann man sehen, dass am Buckshook eine ganze Reihe \u00e4hnlicher H\u00e4user gestanden hat. Doch fast alle sind inzwischen abgerissen oder umgebaut und modernisiert worden. <\/p>\n\n\n<div class=\"wp-block-image\">\n<figure class=\"aligncenter\"><img loading=\"lazy\" decoding=\"async\" width=\"600\" height=\"401\" src=\"http:\/\/wordpress.p667731.webspaceconfig.de\/wp-content\/uploads\/2024\/04\/Upkammer.jpg\" alt=\"\" class=\"wp-image-214\" srcset=\"https:\/\/heimatverein-borghorst.de\/wp-content\/uploads\/2024\/04\/Upkammer.jpg 600w, https:\/\/heimatverein-borghorst.de\/wp-content\/uploads\/2024\/04\/Upkammer-300x201.jpg 300w\" sizes=\"auto, (max-width: 600px) 100vw, 600px\" \/><\/figure>\n<\/div>\n\n\n<p class=\"has-neve-link-color-color has-text-color has-link-color wp-elements-0aa2b13288bbeff00cbd7af97486cc9a\" style=\"font-size:18px\"><br><br>In diesem Haus wohnten im 19. Jahrhundert nacheinander die Weberfamilien Buskamp und Jerwers, denen in neuerer Zeit Fabrikarbeiter folgten. Von 1965 bis 2004 befand sich das Haus in Privatbesitz. Da es nicht kontinuierlich bewohnt wurde, wurden tief greifende Modernisierungen nicht vorgenommen, und es blieb ein gro\u00dfer Teil der alten Substanz erhalten. 2004 erwarb derl Heimatverein Borghorst das Geb\u00e4ude.<br>Das Haus hat einen asymmetrischen Grundriss, einen weit vorkragenden Brettergiebel auf geschweiften Knaggen und einen vorgebauten ehemaligen Schweinekoben. Hier hielten die Tagel\u00f6hner gew\u00f6hnlich eine Ziege und ein Schwein, daneben befand sich der Abort. Mit Ausnahme der Giebelseite zum Buckshook hin, die ja die Wetterseite (Westfront) ist, bestanden alle W\u00e4nde noch aus Lehm und Stroh. Bis vor einigen Jahrzehnten gab es in diesem Haus noch den typischen gestampften Lehmfu\u00dfboden in der Diele und in der K\u00fcche. Hier lag auch die offene Feuerstelle, \u00fcber die man den Kochtopf h\u00e4ngte. Neben der K\u00fcche befand sich wie bei fast allen westf\u00e4lischen K\u00f6tter- und Bauernh\u00e4usern ein halbes Stockwerk h\u00f6her die Upkammer, die als Vorratsraum diente. Das sehr niedrige Wohnzimmer mit den durchh\u00e4ngenden Balken und den schiefen W\u00e4nden wurde von zwei kleinen Fenstern beleuchtet. Der Keller unter der Upkammer liegt zu ebener Erde und hat besonders dicke W\u00e4nde, um zu verhindern, dass die Kartoffeln sowie andere Vorr\u00e4te der Bewohner im Winter Frostsch\u00e4den erlitten.<\/p>\n\n\n<div class=\"wp-block-image\">\n<figure class=\"aligncenter size-full\"><img loading=\"lazy\" decoding=\"async\" width=\"600\" height=\"401\" src=\"http:\/\/wordpress.p667731.webspaceconfig.de\/wp-content\/uploads\/2024\/04\/Wohnzimmer.jpg\" alt=\"\" class=\"wp-image-225\" srcset=\"https:\/\/heimatverein-borghorst.de\/wp-content\/uploads\/2024\/04\/Wohnzimmer.jpg 600w, https:\/\/heimatverein-borghorst.de\/wp-content\/uploads\/2024\/04\/Wohnzimmer-300x201.jpg 300w\" sizes=\"auto, (max-width: 600px) 100vw, 600px\" \/><\/figure>\n<\/div>\n\n\n<p><\/p>\n\n\n\n<p class=\"has-neve-link-color-color has-text-color has-link-color wp-elements-578d7b687fc61edfb24e63a8eb377e2f\" style=\"font-size:18px\">Der Heimatverein hat das Haus behutsam und liebevoll saniert: Zun\u00e4chst wurde das Dach mit Tonpfannen und Strohdocken wieder eingedeckt, dann das Fachwerk saniert. Die ausgebesserten Teile sind gut erkennbar. Die Ausfachungen wurden gr\u00f6\u00dftenteils wieder mit Lehmsteinen hergestellt. Im Innern kann man an daf\u00fcr freigelassenen Wandfl\u00e4chen das historische Lehmflechtwerk sehen.<br>Die Fenster wurden aufgearbeitet oder nach historischen Fotos und in ihren urspr\u00fcnglichen Gr\u00f6\u00dfen wieder hergestellt.<\/p>\n\n\n\n<p><\/p>\n\n\n<div class=\"wp-block-image\">\n<figure class=\"aligncenter size-full\"><img loading=\"lazy\" decoding=\"async\" width=\"600\" height=\"401\" src=\"http:\/\/wordpress.p667731.webspaceconfig.de\/wp-content\/uploads\/2024\/04\/Kueche.jpg\" alt=\"\" class=\"wp-image-228\" srcset=\"https:\/\/heimatverein-borghorst.de\/wp-content\/uploads\/2024\/04\/Kueche.jpg 600w, https:\/\/heimatverein-borghorst.de\/wp-content\/uploads\/2024\/04\/Kueche-300x201.jpg 300w\" sizes=\"auto, (max-width: 600px) 100vw, 600px\" \/><\/figure>\n<\/div>\n\n\n<p><\/p>\n\n\n\n<p class=\"has-neve-link-color-color has-text-color has-link-color wp-elements-dd274a3767faf8c42227984cc2f407b2\" style=\"font-size:18px\">Bei unseren Veranstaltungen sind nicht nur Mitglieder, sondern alle Interessierten jederzeit herzlich willkommen.<br>Besichtigungen f\u00fcr Gruppen und Vereine sind jederzeit m\u00f6glich.<\/p>\n\n\n\n<p class=\"has-neve-link-color-color has-text-color has-link-color wp-elements-ca9ca91770ffc21757b7a5963bf09805\" style=\"font-style:normal;font-weight:300\"><strong>Meldet euch bitte bei uns: <\/strong><\/p>\n\n\n\n<div class=\"wp-block-buttons is-layout-flex wp-block-buttons-is-layout-flex\">\n<div class=\"wp-block-button has-custom-width wp-block-button__width-100 is-style-secondary\"><a class=\"wp-block-button__link has-nv-site-bg-color has-nv-c-2-background-color has-text-color has-background has-link-color wp-element-button\" href=\"mailto:info@heimatverein-borghorst.de\" target=\"_blank\" rel=\"noreferrer noopener nofollow\">Tel.: 02552-63248 \/ info@heimatverein-borghorst.de<\/a><\/div>\n<\/div>\n<\/div><\/div>\n\n\n\n<div style=\"height:50px\" aria-hidden=\"true\" class=\"wp-block-spacer\"><\/div>\n","protected":false},"excerpt":{"rendered":"","protected":false},"author":5,"featured_media":0,"parent":0,"menu_order":0,"comment_status":"closed","ping_status":"closed","template":"","meta":{"_canonical_pages":true,"_canonical_pages_meta":{"option":"this","url":""},"neve_meta_sidebar":"","neve_meta_container":"","neve_meta_enable_content_width":"","neve_meta_content_width":0,"neve_meta_title_alignment":"","neve_meta_author_avatar":"","neve_post_elements_order":"","neve_meta_disable_header":"","neve_meta_disable_footer":"","neve_meta_disable_title":"on","pgc_sgb_lightbox_settings":"","footnotes":""},"class_list":["post-204","page","type-page","status-publish","hentry"],"yoast_head":"<!-- This site is optimized with the Yoast SEO plugin v27.4 - https:\/\/yoast.com\/product\/yoast-seo-wordpress\/ -->\n<title>Haus am Buckshook - Heimatverein-Borghorst e.V.<\/title>\n<meta name=\"robots\" content=\"index, follow, max-snippet:-1, max-image-preview:large, max-video-preview:-1\" \/>\n<link rel=\"canonical\" href=\"https:\/\/heimatverein-borghorst.de\/index.php\/ackerbuergerhaus\/\" \/>\n<meta property=\"og:locale\" content=\"de_DE\" \/>\n<meta property=\"og:type\" content=\"article\" \/>\n<meta property=\"og:title\" content=\"Haus am Buckshook - Heimatverein-Borghorst e.V.\" \/>\n<meta property=\"og:url\" content=\"https:\/\/heimatverein-borghorst.de\/index.php\/ackerbuergerhaus\/\" \/>\n<meta property=\"og:site_name\" content=\"Heimatverein-Borghorst e.V.\" \/>\n<meta property=\"article:modified_time\" content=\"2025-12-18T12:51:15+00:00\" \/>\n<meta property=\"og:image\" content=\"https:\/\/heimatverein-borghorst.de\/wp-content\/uploads\/2024\/05\/Buckshook-4-Leineweberhaus-Heimatverein-101-scaled-1.jpg\" \/>\n\t<meta property=\"og:image:width\" content=\"2560\" \/>\n\t<meta property=\"og:image:height\" content=\"1440\" \/>\n\t<meta property=\"og:image:type\" content=\"image\/jpeg\" \/>\n<meta name=\"twitter:card\" content=\"summary_large_image\" \/>\n<meta name=\"twitter:label1\" content=\"Gesch\u00e4tzte Lesezeit\" \/>\n\t<meta name=\"twitter:data1\" content=\"4\u00a0Minuten\" \/>\n<script type=\"application\/ld+json\" class=\"yoast-schema-graph\">{\"@context\":\"https:\\\/\\\/schema.org\",\"@graph\":[{\"@type\":\"WebPage\",\"@id\":\"https:\\\/\\\/heimatverein-borghorst.de\\\/index.php\\\/ackerbuergerhaus\\\/\",\"url\":\"https:\\\/\\\/heimatverein-borghorst.de\\\/index.php\\\/ackerbuergerhaus\\\/\",\"name\":\"Haus am Buckshook - Heimatverein-Borghorst e.V.\",\"isPartOf\":{\"@id\":\"https:\\\/\\\/heimatverein-borghorst.de\\\/#website\"},\"primaryImageOfPage\":{\"@id\":\"https:\\\/\\\/heimatverein-borghorst.de\\\/index.php\\\/ackerbuergerhaus\\\/#primaryimage\"},\"image\":{\"@id\":\"https:\\\/\\\/heimatverein-borghorst.de\\\/index.php\\\/ackerbuergerhaus\\\/#primaryimage\"},\"thumbnailUrl\":\"https:\\\/\\\/heimatverein-borghorst.de\\\/wp-content\\\/uploads\\\/2024\\\/05\\\/Buckshook-4-Leineweberhaus-Heimatverein-101-scaled-1-1024x576.jpg\",\"datePublished\":\"2024-04-25T12:20:02+00:00\",\"dateModified\":\"2025-12-18T12:51:15+00:00\",\"breadcrumb\":{\"@id\":\"https:\\\/\\\/heimatverein-borghorst.de\\\/index.php\\\/ackerbuergerhaus\\\/#breadcrumb\"},\"inLanguage\":\"de\",\"potentialAction\":[{\"@type\":\"ReadAction\",\"target\":[\"https:\\\/\\\/heimatverein-borghorst.de\\\/index.php\\\/ackerbuergerhaus\\\/\"]}]},{\"@type\":\"ImageObject\",\"inLanguage\":\"de\",\"@id\":\"https:\\\/\\\/heimatverein-borghorst.de\\\/index.php\\\/ackerbuergerhaus\\\/#primaryimage\",\"url\":\"https:\\\/\\\/heimatverein-borghorst.de\\\/wp-content\\\/uploads\\\/2024\\\/05\\\/Buckshook-4-Leineweberhaus-Heimatverein-101-scaled-1.jpg\",\"contentUrl\":\"https:\\\/\\\/heimatverein-borghorst.de\\\/wp-content\\\/uploads\\\/2024\\\/05\\\/Buckshook-4-Leineweberhaus-Heimatverein-101-scaled-1.jpg\",\"width\":2560,\"height\":1440},{\"@type\":\"BreadcrumbList\",\"@id\":\"https:\\\/\\\/heimatverein-borghorst.de\\\/index.php\\\/ackerbuergerhaus\\\/#breadcrumb\",\"itemListElement\":[{\"@type\":\"ListItem\",\"position\":1,\"name\":\"Startseite\",\"item\":\"https:\\\/\\\/heimatverein-borghorst.de\\\/\"},{\"@type\":\"ListItem\",\"position\":2,\"name\":\"Haus am Buckshook\"}]},{\"@type\":\"WebSite\",\"@id\":\"https:\\\/\\\/heimatverein-borghorst.de\\\/#website\",\"url\":\"https:\\\/\\\/heimatverein-borghorst.de\\\/\",\"name\":\"Heimatverein-Borghorst e.V.\",\"description\":\"\",\"publisher\":{\"@id\":\"https:\\\/\\\/heimatverein-borghorst.de\\\/#organization\"},\"potentialAction\":[{\"@type\":\"SearchAction\",\"target\":{\"@type\":\"EntryPoint\",\"urlTemplate\":\"https:\\\/\\\/heimatverein-borghorst.de\\\/?s={search_term_string}\"},\"query-input\":{\"@type\":\"PropertyValueSpecification\",\"valueRequired\":true,\"valueName\":\"search_term_string\"}}],\"inLanguage\":\"de\"},{\"@type\":\"Organization\",\"@id\":\"https:\\\/\\\/heimatverein-borghorst.de\\\/#organization\",\"name\":\"Heimatverein-Borghorst e.V.\",\"url\":\"https:\\\/\\\/heimatverein-borghorst.de\\\/\",\"logo\":{\"@type\":\"ImageObject\",\"inLanguage\":\"de\",\"@id\":\"https:\\\/\\\/heimatverein-borghorst.de\\\/#\\\/schema\\\/logo\\\/image\\\/\",\"url\":\"https:\\\/\\\/heimatverein-borghorst.de\\\/wp-content\\\/uploads\\\/2024\\\/05\\\/Logo.jpg\",\"contentUrl\":\"https:\\\/\\\/heimatverein-borghorst.de\\\/wp-content\\\/uploads\\\/2024\\\/05\\\/Logo.jpg\",\"width\":103,\"height\":121,\"caption\":\"Heimatverein-Borghorst e.V.\"},\"image\":{\"@id\":\"https:\\\/\\\/heimatverein-borghorst.de\\\/#\\\/schema\\\/logo\\\/image\\\/\"}}]}<\/script>\n<!-- \/ Yoast SEO plugin. -->","yoast_head_json":{"title":"Haus am Buckshook - Heimatverein-Borghorst e.V.","robots":{"index":"index","follow":"follow","max-snippet":"max-snippet:-1","max-image-preview":"max-image-preview:large","max-video-preview":"max-video-preview:-1"},"canonical":"https:\/\/heimatverein-borghorst.de\/index.php\/ackerbuergerhaus\/","og_locale":"de_DE","og_type":"article","og_title":"Haus am Buckshook - Heimatverein-Borghorst e.V.","og_url":"https:\/\/heimatverein-borghorst.de\/index.php\/ackerbuergerhaus\/","og_site_name":"Heimatverein-Borghorst e.V.","article_modified_time":"2025-12-18T12:51:15+00:00","og_image":[{"width":2560,"height":1440,"url":"https:\/\/heimatverein-borghorst.de\/wp-content\/uploads\/2024\/05\/Buckshook-4-Leineweberhaus-Heimatverein-101-scaled-1.jpg","type":"image\/jpeg"}],"twitter_card":"summary_large_image","twitter_misc":{"Gesch\u00e4tzte Lesezeit":"4\u00a0Minuten"},"schema":{"@context":"https:\/\/schema.org","@graph":[{"@type":"WebPage","@id":"https:\/\/heimatverein-borghorst.de\/index.php\/ackerbuergerhaus\/","url":"https:\/\/heimatverein-borghorst.de\/index.php\/ackerbuergerhaus\/","name":"Haus am Buckshook - Heimatverein-Borghorst e.V.","isPartOf":{"@id":"https:\/\/heimatverein-borghorst.de\/#website"},"primaryImageOfPage":{"@id":"https:\/\/heimatverein-borghorst.de\/index.php\/ackerbuergerhaus\/#primaryimage"},"image":{"@id":"https:\/\/heimatverein-borghorst.de\/index.php\/ackerbuergerhaus\/#primaryimage"},"thumbnailUrl":"https:\/\/heimatverein-borghorst.de\/wp-content\/uploads\/2024\/05\/Buckshook-4-Leineweberhaus-Heimatverein-101-scaled-1-1024x576.jpg","datePublished":"2024-04-25T12:20:02+00:00","dateModified":"2025-12-18T12:51:15+00:00","breadcrumb":{"@id":"https:\/\/heimatverein-borghorst.de\/index.php\/ackerbuergerhaus\/#breadcrumb"},"inLanguage":"de","potentialAction":[{"@type":"ReadAction","target":["https:\/\/heimatverein-borghorst.de\/index.php\/ackerbuergerhaus\/"]}]},{"@type":"ImageObject","inLanguage":"de","@id":"https:\/\/heimatverein-borghorst.de\/index.php\/ackerbuergerhaus\/#primaryimage","url":"https:\/\/heimatverein-borghorst.de\/wp-content\/uploads\/2024\/05\/Buckshook-4-Leineweberhaus-Heimatverein-101-scaled-1.jpg","contentUrl":"https:\/\/heimatverein-borghorst.de\/wp-content\/uploads\/2024\/05\/Buckshook-4-Leineweberhaus-Heimatverein-101-scaled-1.jpg","width":2560,"height":1440},{"@type":"BreadcrumbList","@id":"https:\/\/heimatverein-borghorst.de\/index.php\/ackerbuergerhaus\/#breadcrumb","itemListElement":[{"@type":"ListItem","position":1,"name":"Startseite","item":"https:\/\/heimatverein-borghorst.de\/"},{"@type":"ListItem","position":2,"name":"Haus am Buckshook"}]},{"@type":"WebSite","@id":"https:\/\/heimatverein-borghorst.de\/#website","url":"https:\/\/heimatverein-borghorst.de\/","name":"Heimatverein-Borghorst e.V.","description":"","publisher":{"@id":"https:\/\/heimatverein-borghorst.de\/#organization"},"potentialAction":[{"@type":"SearchAction","target":{"@type":"EntryPoint","urlTemplate":"https:\/\/heimatverein-borghorst.de\/?s={search_term_string}"},"query-input":{"@type":"PropertyValueSpecification","valueRequired":true,"valueName":"search_term_string"}}],"inLanguage":"de"},{"@type":"Organization","@id":"https:\/\/heimatverein-borghorst.de\/#organization","name":"Heimatverein-Borghorst e.V.","url":"https:\/\/heimatverein-borghorst.de\/","logo":{"@type":"ImageObject","inLanguage":"de","@id":"https:\/\/heimatverein-borghorst.de\/#\/schema\/logo\/image\/","url":"https:\/\/heimatverein-borghorst.de\/wp-content\/uploads\/2024\/05\/Logo.jpg","contentUrl":"https:\/\/heimatverein-borghorst.de\/wp-content\/uploads\/2024\/05\/Logo.jpg","width":103,"height":121,"caption":"Heimatverein-Borghorst e.V."},"image":{"@id":"https:\/\/heimatverein-borghorst.de\/#\/schema\/logo\/image\/"}}]}},"_links":{"self":[{"href":"https:\/\/heimatverein-borghorst.de\/index.php\/wp-json\/wp\/v2\/pages\/204","targetHints":{"allow":["GET"]}}],"collection":[{"href":"https:\/\/heimatverein-borghorst.de\/index.php\/wp-json\/wp\/v2\/pages"}],"about":[{"href":"https:\/\/heimatverein-borghorst.de\/index.php\/wp-json\/wp\/v2\/types\/page"}],"author":[{"embeddable":true,"href":"https:\/\/heimatverein-borghorst.de\/index.php\/wp-json\/wp\/v2\/users\/5"}],"replies":[{"embeddable":true,"href":"https:\/\/heimatverein-borghorst.de\/index.php\/wp-json\/wp\/v2\/comments?post=204"}],"version-history":[{"count":17,"href":"https:\/\/heimatverein-borghorst.de\/index.php\/wp-json\/wp\/v2\/pages\/204\/revisions"}],"predecessor-version":[{"id":14560,"href":"https:\/\/heimatverein-borghorst.de\/index.php\/wp-json\/wp\/v2\/pages\/204\/revisions\/14560"}],"wp:attachment":[{"href":"https:\/\/heimatverein-borghorst.de\/index.php\/wp-json\/wp\/v2\/media?parent=204"}],"curies":[{"name":"wp","href":"https:\/\/api.w.org\/{rel}","templated":true}]}}