{"id":564,"date":"2024-05-30T15:46:19","date_gmt":"2024-05-30T13:46:19","guid":{"rendered":"http:\/\/wordpress.p667731.webspaceconfig.de\/?page_id=564"},"modified":"2026-01-06T16:25:17","modified_gmt":"2026-01-06T15:25:17","slug":"neu-im-verein","status":"publish","type":"page","link":"https:\/\/heimatverein-borghorst.de\/index.php\/neu-im-verein\/","title":{"rendered":"Neu im Verein"},"content":{"rendered":"\n<div class=\"wp-block-cover alignfull\" style=\"min-height:450px;aspect-ratio:unset;\"><img loading=\"lazy\" decoding=\"async\" width=\"1440\" height=\"1920\" class=\"wp-block-cover__image-background wp-image-9946 size-full\" alt=\"\" src=\"https:\/\/heimatverein-borghorst.de\/wp-content\/uploads\/2025\/07\/IMG_0511.jpg\" data-object-fit=\"cover\" srcset=\"https:\/\/heimatverein-borghorst.de\/wp-content\/uploads\/2025\/07\/IMG_0511.jpg 1440w, https:\/\/heimatverein-borghorst.de\/wp-content\/uploads\/2025\/07\/IMG_0511-225x300.jpg 225w, https:\/\/heimatverein-borghorst.de\/wp-content\/uploads\/2025\/07\/IMG_0511-768x1024.jpg 768w, https:\/\/heimatverein-borghorst.de\/wp-content\/uploads\/2025\/07\/IMG_0511-1152x1536.jpg 1152w\" sizes=\"auto, (max-width: 1440px) 100vw, 1440px\" \/><span aria-hidden=\"true\" class=\"wp-block-cover__background has-nv-site-bg-background-color has-background-dim-10 has-background-dim\"><\/span><div class=\"wp-block-cover__inner-container is-layout-constrained wp-block-cover-is-layout-constrained\">\n<p class=\"has-text-align-center has-nv-light-bg-color has-text-color has-link-color has-large-font-size wp-elements-da6c31da48831497b16144f7d7fcc178\">Neu im Verein<\/p>\n<\/div><\/div>\n\n\n\n<div style=\"height:75px\" aria-hidden=\"true\" class=\"wp-block-spacer\"><\/div>\n\n\n\n<div class=\"wp-block-cover is-light has-neve-link-color-color has-text-color has-link-color wp-elements-43f89f8fd6fc10a45c65551f8e2f3a7e\" style=\"border-width:1px\"><span aria-hidden=\"true\" class=\"wp-block-cover__background has-background-dim-70 has-background-dim\" style=\"background-color:#FFF\"><\/span><div class=\"wp-block-cover__inner-container is-layout-constrained wp-block-cover-is-layout-constrained\">\n<p class=\"has-text-align-center has-large-font-size\"><\/p>\n\n\n\n<p class=\"has-neve-link-color-color has-text-color has-link-color wp-elements-b323c9789291cd620cc6ce8413fcb7ee\" style=\"font-size:22px\">Wir freuen uns sehr \u00fcber neue Mitglieder und hei\u00dfen euch herzlich willkommen.<\/p>\n\n\n\n<p class=\"has-neve-link-color-color has-text-color has-link-color wp-elements-5336547e5a145b83325fda1757dcc6d9\" style=\"font-size:22px\">Wenn ihr euch f\u00fcr heimatkundliche Themen interessiert und gerne mit Gleichgesinnten vor Ort aktiv sein m\u00f6chtet, k\u00f6nnt ihr gerne an unseren vielf\u00e4ltigen Aktivit\u00e4ten (&#8222;Unsere Angebote\u201c) teilnehmen.<\/p>\n\n\n\n<p class=\"has-neve-link-color-color has-text-color has-link-color wp-elements-dbfa1af3c85cf42714857b7f5c1d686d\" style=\"font-size:22px\">Wir freuen uns \u00fcber jede neue Besucherin und jeden interessierten Besucher! <\/p>\n\n\n\n<p class=\"has-neve-link-color-color has-text-color has-link-color wp-elements-90f71307e52d4150cd88df749ae61356\" style=\"font-size:22px\">Die kosteng\u00fcnstige Mitgliedschaft f\u00fcr nur \u20ac 10,-\/Jahr (Paare \u20ac 16,-\/Jahr) erm\u00f6glicht nicht nur die Nutzung aller Angebote, sondern auch den j\u00e4hrlichen Bezug der Heimatbl\u00e4tter.<\/p>\n<\/div><\/div>\n\n\n\n<div style=\"height:30px\" aria-hidden=\"true\" class=\"wp-block-spacer\"><\/div>\n\n\n\n<div class=\"wp-block-cover is-light has-neve-link-color-color has-text-color has-link-color wp-elements-94a1675fa097f0e8f628744b7fa47da6\" style=\"border-width:1px;min-height:100px;aspect-ratio:unset;\"><span aria-hidden=\"true\" class=\"wp-block-cover__background has-background-dim-70 has-background-dim\" style=\"background-color:#FFF\"><\/span><div class=\"wp-block-cover__inner-container is-layout-constrained wp-block-cover-is-layout-constrained\">\n<p class=\"has-nv-c-2-color has-text-color has-link-color wp-elements-62fce2886d4408a9b969142a2d94a9d0\" style=\"font-size:22px\">Hinweis:<\/p>\n\n\n\n<ul class=\"wp-block-list\">\n<li class=\"has-neve-link-color-color has-text-color has-link-color wp-elements-5d2276d24a326cb4e0facabf962248b4\" style=\"font-size:20px\">Der vollst\u00e4ndig ausgef\u00fcllte und unterschriebene Antrag kann im Heimathaus abgegeben werden<\/li>\n\n\n\n<li class=\"has-neve-link-color-color has-text-color has-link-color wp-elements-a8fcfa247cfec68d40445d104123d4ad\" style=\"font-size:20px\">Oder direkt bei einem der Vorst\u00e4nde<\/li>\n\n\n\n<li class=\"has-neve-link-color-color has-text-color has-link-color wp-elements-6c02647f62315be9a46daeeb22b5a7c9\" style=\"font-size:20px\">Nat\u00fcrlich auch klassisch per Brief<\/li>\n\n\n\n<li class=\"has-neve-link-color-color has-text-color has-link-color wp-elements-2794ba0db1ba99fb30bdcacc76e06815\" style=\"font-size:20px\">Den Antrag per Mail zu versenden ist auch m\u00f6glich: <a href=\"mailto:info@heimatverein-borghorst.de\">info@heimatverein-borghorst.de<\/a><\/li>\n<\/ul>\n<\/div><\/div>\n\n\n\n<div style=\"height:30px\" aria-hidden=\"true\" class=\"wp-block-spacer\"><\/div>\n\n\n\n<div class=\"wp-block-cover is-light has-neve-link-color-color has-text-color has-link-color wp-elements-277dd53f63dc851c4d46bf49c511ace2\" style=\"border-width:1px;min-height:300px;aspect-ratio:unset;\"><span aria-hidden=\"true\" class=\"wp-block-cover__background has-background-dim-70 has-background-dim\" style=\"background-color:#FFF\"><\/span><div class=\"wp-block-cover__inner-container is-layout-constrained wp-block-cover-is-layout-constrained\">\n<p class=\"has-text-align-left has-text-color has-link-color wp-elements-66632abaf5efcd8a24532dac31298859\" style=\"color:#87362f;font-size:14px\">Ein Klick auf die Vorschaubilder oder den Button bringt euch zu den Inhalten..<\/p>\n\n\n\n<div class=\"wp-block-columns is-layout-flex wp-container-core-columns-is-layout-9d6595d7 wp-block-columns-is-layout-flex\">\n<div class=\"wp-block-column is-layout-flow wp-block-column-is-layout-flow\"><div class=\"wp-block-image is-resized icon-style is-style-default\">\n<figure class=\"aligncenter size-full has-custom-border\"><a href=\"https:\/\/heimatverein-borghorst.de\/index.php\/angebot\/\"><img loading=\"lazy\" decoding=\"async\" width=\"2560\" height=\"2133\" src=\"https:\/\/heimatverein-borghorst.de\/wp-content\/uploads\/2024\/07\/Besichtigung-Heimathaus-1-Kopie-scaled-1.jpg\" alt=\"\" class=\"wp-image-730\" style=\"border-width:2px;aspect-ratio:3\/4;object-fit:cover\" srcset=\"https:\/\/heimatverein-borghorst.de\/wp-content\/uploads\/2024\/07\/Besichtigung-Heimathaus-1-Kopie-scaled-1.jpg 2560w, https:\/\/heimatverein-borghorst.de\/wp-content\/uploads\/2024\/07\/Besichtigung-Heimathaus-1-Kopie-scaled-1-300x250.jpg 300w, https:\/\/heimatverein-borghorst.de\/wp-content\/uploads\/2024\/07\/Besichtigung-Heimathaus-1-Kopie-scaled-1-1024x853.jpg 1024w, https:\/\/heimatverein-borghorst.de\/wp-content\/uploads\/2024\/07\/Besichtigung-Heimathaus-1-Kopie-scaled-1-768x640.jpg 768w, https:\/\/heimatverein-borghorst.de\/wp-content\/uploads\/2024\/07\/Besichtigung-Heimathaus-1-Kopie-scaled-1-1536x1280.jpg 1536w, https:\/\/heimatverein-borghorst.de\/wp-content\/uploads\/2024\/07\/Besichtigung-Heimathaus-1-Kopie-scaled-1-2048x1706.jpg 2048w\" sizes=\"auto, (max-width: 2560px) 100vw, 2560px\" \/><\/a><\/figure>\n<\/div>\n\n\n<div style=\"height:20px\" aria-hidden=\"true\" class=\"wp-block-spacer\"><\/div>\n\n\n\n<div class=\"wp-block-columns is-layout-flex wp-container-core-columns-is-layout-9d6595d7 wp-block-columns-is-layout-flex\">\n<div class=\"wp-block-column is-layout-flow wp-block-column-is-layout-flow\" style=\"flex-basis:100%\">\n<div class=\"wp-block-buttons is-layout-flex wp-block-buttons-is-layout-flex\">\n<div class=\"wp-block-button has-custom-width wp-block-button__width-100 is-style-primary\"><a class=\"wp-block-button__link wp-element-button\" href=\"https:\/\/heimatverein-borghorst.de\/index.php\/angebot\/\" target=\"_blank\" rel=\"noreferrer noopener nofollow\">Angebote<\/a><\/div>\n<\/div>\n<\/div>\n<\/div>\n<\/div>\n\n\n\n<div class=\"wp-block-column is-layout-flow wp-block-column-is-layout-flow\"><div class=\"wp-block-image is-resized icon-style is-style-default\">\n<figure class=\"aligncenter size-full has-custom-border\"><a href=\"https:\/\/heimatverein-borghorst.de\/wp-content\/uploads\/2025\/07\/Satzung2025-1.pdf\"><img loading=\"lazy\" decoding=\"async\" width=\"630\" height=\"886\" src=\"https:\/\/heimatverein-borghorst.de\/wp-content\/uploads\/2025\/07\/SatzungNeuBild.png\" alt=\"\" class=\"wp-image-9958\" style=\"border-width:2px;aspect-ratio:3\/4;object-fit:cover\" srcset=\"https:\/\/heimatverein-borghorst.de\/wp-content\/uploads\/2025\/07\/SatzungNeuBild.png 630w, https:\/\/heimatverein-borghorst.de\/wp-content\/uploads\/2025\/07\/SatzungNeuBild-213x300.png 213w\" sizes=\"auto, (max-width: 630px) 100vw, 630px\" \/><\/a><\/figure>\n<\/div>\n\n\n<div style=\"height:20px\" aria-hidden=\"true\" class=\"wp-block-spacer\"><\/div>\n\n\n\n<div class=\"wp-block-buttons is-layout-flex wp-block-buttons-is-layout-flex\">\n<div class=\"wp-block-button has-custom-width wp-block-button__width-100 is-style-primary\"><a class=\"wp-block-button__link wp-element-button\" href=\"https:\/\/heimatverein-borghorst.de\/wp-content\/uploads\/2025\/07\/Satzung2025-1.pdf\" target=\"_blank\" rel=\"noreferrer noopener nofollow\">Satzung<\/a><\/div>\n<\/div>\n<\/div>\n\n\n\n<div class=\"wp-block-column is-layout-flow wp-block-column-is-layout-flow\"><div class=\"wp-block-image is-resized icon-style is-style-default\">\n<figure class=\"aligncenter size-full has-custom-border\"><a href=\"https:\/\/heimatverein-borghorst.de\/index.php\/kalenderuebersicht\/\"><img loading=\"lazy\" decoding=\"async\" width=\"786\" height=\"525\" src=\"https:\/\/heimatverein-borghorst.de\/wp-content\/uploads\/2025\/07\/Bildschirmfoto-2025-01-15-um-13.51.56-1.png\" alt=\"\" class=\"wp-image-9964\" style=\"border-width:2px;aspect-ratio:3\/4;object-fit:cover\" srcset=\"https:\/\/heimatverein-borghorst.de\/wp-content\/uploads\/2025\/07\/Bildschirmfoto-2025-01-15-um-13.51.56-1.png 786w, https:\/\/heimatverein-borghorst.de\/wp-content\/uploads\/2025\/07\/Bildschirmfoto-2025-01-15-um-13.51.56-1-300x200.png 300w, https:\/\/heimatverein-borghorst.de\/wp-content\/uploads\/2025\/07\/Bildschirmfoto-2025-01-15-um-13.51.56-1-768x513.png 768w\" sizes=\"auto, (max-width: 786px) 100vw, 786px\" \/><\/a><\/figure>\n<\/div>\n\n\n<div style=\"height:20px\" aria-hidden=\"true\" class=\"wp-block-spacer\"><\/div>\n\n\n\n<div class=\"wp-block-buttons is-layout-flex wp-block-buttons-is-layout-flex\">\n<div class=\"wp-block-button has-custom-width wp-block-button__width-100 is-style-primary\"><a class=\"wp-block-button__link wp-element-button\" href=\"https:\/\/heimatverein-borghorst.de\/index.php\/kalenderuebersicht\/\" target=\"_blank\" rel=\"noreferrer noopener nofollow\">Jahrestermine<\/a><\/div>\n<\/div>\n<\/div>\n\n\n\n<div class=\"wp-block-column is-layout-flow wp-block-column-is-layout-flow\"><div class=\"wp-block-image is-resized icon-style is-style-default\">\n<figure class=\"aligncenter size-full has-custom-border\"><a href=\"https:\/\/heimatverein-borghorst.de\/wp-content\/uploads\/2025\/07\/Mitglied-werden-2025.pdf\"><img loading=\"lazy\" decoding=\"async\" width=\"730\" height=\"915\" src=\"https:\/\/heimatverein-borghorst.de\/wp-content\/uploads\/2025\/07\/Aufnahmeantrag2025.jpg\" alt=\"\" class=\"wp-image-10137\" style=\"border-width:2px;aspect-ratio:3\/4;object-fit:cover\" srcset=\"https:\/\/heimatverein-borghorst.de\/wp-content\/uploads\/2025\/07\/Aufnahmeantrag2025.jpg 730w, https:\/\/heimatverein-borghorst.de\/wp-content\/uploads\/2025\/07\/Aufnahmeantrag2025-239x300.jpg 239w\" sizes=\"auto, (max-width: 730px) 100vw, 730px\" \/><\/a><\/figure>\n<\/div>\n\n\n<div style=\"height:20px\" aria-hidden=\"true\" class=\"wp-block-spacer\"><\/div>\n\n\n\n<div class=\"wp-block-buttons is-layout-flex wp-block-buttons-is-layout-flex\">\n<div class=\"wp-block-button has-custom-width wp-block-button__width-100 is-style-primary\"><a class=\"wp-block-button__link wp-element-button\" href=\"https:\/\/heimatverein-borghorst.de\/wp-content\/uploads\/2025\/07\/Mitglied-werden-2025.pdf\" target=\"_blank\" rel=\"noreferrer noopener nofollow\">Mitglied werden<\/a><\/div>\n<\/div>\n<\/div>\n<\/div>\n<\/div><\/div>\n\n\n\n<p><\/p>\n","protected":false},"excerpt":{"rendered":"","protected":false},"author":5,"featured_media":0,"parent":0,"menu_order":0,"comment_status":"closed","ping_status":"closed","template":"","meta":{"_canonical_pages":true,"_canonical_pages_meta":{"option":"this","url":""},"neve_meta_sidebar":"","neve_meta_container":"","neve_meta_enable_content_width":"","neve_meta_content_width":0,"neve_meta_title_alignment":"","neve_meta_author_avatar":"","neve_post_elements_order":"","neve_meta_disable_header":"","neve_meta_disable_footer":"","neve_meta_disable_title":"on","pgc_sgb_lightbox_settings":"","footnotes":""},"class_list":["post-564","page","type-page","status-publish","hentry"],"yoast_head":"<!-- This site is optimized with the Yoast SEO plugin v27.4 - https:\/\/yoast.com\/product\/yoast-seo-wordpress\/ -->\n<title>Neu im Verein - Heimatverein-Borghorst e.V.<\/title>\n<meta name=\"robots\" content=\"index, follow, max-snippet:-1, max-image-preview:large, max-video-preview:-1\" \/>\n<link rel=\"canonical\" href=\"https:\/\/heimatverein-borghorst.de\/index.php\/neu-im-verein\/\" \/>\n<meta property=\"og:locale\" content=\"de_DE\" \/>\n<meta property=\"og:type\" content=\"article\" \/>\n<meta property=\"og:title\" content=\"Neu im Verein - Heimatverein-Borghorst e.V.\" \/>\n<meta property=\"og:url\" content=\"https:\/\/heimatverein-borghorst.de\/index.php\/neu-im-verein\/\" \/>\n<meta property=\"og:site_name\" content=\"Heimatverein-Borghorst e.V.\" \/>\n<meta property=\"article:modified_time\" content=\"2026-01-06T15:25:17+00:00\" \/>\n<meta property=\"og:image\" content=\"https:\/\/heimatverein-borghorst.de\/wp-content\/uploads\/2025\/07\/IMG_0511.jpg\" \/>\n\t<meta property=\"og:image:width\" content=\"1440\" \/>\n\t<meta property=\"og:image:height\" content=\"1920\" \/>\n\t<meta property=\"og:image:type\" content=\"image\/jpeg\" \/>\n<meta name=\"twitter:card\" content=\"summary_large_image\" \/>\n<meta name=\"twitter:label1\" content=\"Gesch\u00e4tzte Lesezeit\" \/>\n\t<meta name=\"twitter:data1\" content=\"2\u00a0Minuten\" \/>\n<script type=\"application\/ld+json\" class=\"yoast-schema-graph\">{\"@context\":\"https:\\\/\\\/schema.org\",\"@graph\":[{\"@type\":\"WebPage\",\"@id\":\"https:\\\/\\\/heimatverein-borghorst.de\\\/index.php\\\/neu-im-verein\\\/\",\"url\":\"https:\\\/\\\/heimatverein-borghorst.de\\\/index.php\\\/neu-im-verein\\\/\",\"name\":\"Neu im Verein - Heimatverein-Borghorst e.V.\",\"isPartOf\":{\"@id\":\"https:\\\/\\\/heimatverein-borghorst.de\\\/#website\"},\"primaryImageOfPage\":{\"@id\":\"https:\\\/\\\/heimatverein-borghorst.de\\\/index.php\\\/neu-im-verein\\\/#primaryimage\"},\"image\":{\"@id\":\"https:\\\/\\\/heimatverein-borghorst.de\\\/index.php\\\/neu-im-verein\\\/#primaryimage\"},\"thumbnailUrl\":\"https:\\\/\\\/heimatverein-borghorst.de\\\/wp-content\\\/uploads\\\/2025\\\/07\\\/IMG_0511.jpg\",\"datePublished\":\"2024-05-30T13:46:19+00:00\",\"dateModified\":\"2026-01-06T15:25:17+00:00\",\"breadcrumb\":{\"@id\":\"https:\\\/\\\/heimatverein-borghorst.de\\\/index.php\\\/neu-im-verein\\\/#breadcrumb\"},\"inLanguage\":\"de\",\"potentialAction\":[{\"@type\":\"ReadAction\",\"target\":[\"https:\\\/\\\/heimatverein-borghorst.de\\\/index.php\\\/neu-im-verein\\\/\"]}]},{\"@type\":\"ImageObject\",\"inLanguage\":\"de\",\"@id\":\"https:\\\/\\\/heimatverein-borghorst.de\\\/index.php\\\/neu-im-verein\\\/#primaryimage\",\"url\":\"https:\\\/\\\/heimatverein-borghorst.de\\\/wp-content\\\/uploads\\\/2025\\\/07\\\/IMG_0511.jpg\",\"contentUrl\":\"https:\\\/\\\/heimatverein-borghorst.de\\\/wp-content\\\/uploads\\\/2025\\\/07\\\/IMG_0511.jpg\",\"width\":1440,\"height\":1920},{\"@type\":\"BreadcrumbList\",\"@id\":\"https:\\\/\\\/heimatverein-borghorst.de\\\/index.php\\\/neu-im-verein\\\/#breadcrumb\",\"itemListElement\":[{\"@type\":\"ListItem\",\"position\":1,\"name\":\"Startseite\",\"item\":\"https:\\\/\\\/heimatverein-borghorst.de\\\/\"},{\"@type\":\"ListItem\",\"position\":2,\"name\":\"Neu im Verein\"}]},{\"@type\":\"WebSite\",\"@id\":\"https:\\\/\\\/heimatverein-borghorst.de\\\/#website\",\"url\":\"https:\\\/\\\/heimatverein-borghorst.de\\\/\",\"name\":\"Heimatverein-Borghorst e.V.\",\"description\":\"\",\"publisher\":{\"@id\":\"https:\\\/\\\/heimatverein-borghorst.de\\\/#organization\"},\"potentialAction\":[{\"@type\":\"SearchAction\",\"target\":{\"@type\":\"EntryPoint\",\"urlTemplate\":\"https:\\\/\\\/heimatverein-borghorst.de\\\/?s={search_term_string}\"},\"query-input\":{\"@type\":\"PropertyValueSpecification\",\"valueRequired\":true,\"valueName\":\"search_term_string\"}}],\"inLanguage\":\"de\"},{\"@type\":\"Organization\",\"@id\":\"https:\\\/\\\/heimatverein-borghorst.de\\\/#organization\",\"name\":\"Heimatverein-Borghorst e.V.\",\"url\":\"https:\\\/\\\/heimatverein-borghorst.de\\\/\",\"logo\":{\"@type\":\"ImageObject\",\"inLanguage\":\"de\",\"@id\":\"https:\\\/\\\/heimatverein-borghorst.de\\\/#\\\/schema\\\/logo\\\/image\\\/\",\"url\":\"https:\\\/\\\/heimatverein-borghorst.de\\\/wp-content\\\/uploads\\\/2024\\\/05\\\/Logo.jpg\",\"contentUrl\":\"https:\\\/\\\/heimatverein-borghorst.de\\\/wp-content\\\/uploads\\\/2024\\\/05\\\/Logo.jpg\",\"width\":103,\"height\":121,\"caption\":\"Heimatverein-Borghorst e.V.\"},\"image\":{\"@id\":\"https:\\\/\\\/heimatverein-borghorst.de\\\/#\\\/schema\\\/logo\\\/image\\\/\"}}]}<\/script>\n<!-- \/ Yoast SEO plugin. -->","yoast_head_json":{"title":"Neu im Verein - Heimatverein-Borghorst e.V.","robots":{"index":"index","follow":"follow","max-snippet":"max-snippet:-1","max-image-preview":"max-image-preview:large","max-video-preview":"max-video-preview:-1"},"canonical":"https:\/\/heimatverein-borghorst.de\/index.php\/neu-im-verein\/","og_locale":"de_DE","og_type":"article","og_title":"Neu im Verein - Heimatverein-Borghorst e.V.","og_url":"https:\/\/heimatverein-borghorst.de\/index.php\/neu-im-verein\/","og_site_name":"Heimatverein-Borghorst e.V.","article_modified_time":"2026-01-06T15:25:17+00:00","og_image":[{"width":1440,"height":1920,"url":"https:\/\/heimatverein-borghorst.de\/wp-content\/uploads\/2025\/07\/IMG_0511.jpg","type":"image\/jpeg"}],"twitter_card":"summary_large_image","twitter_misc":{"Gesch\u00e4tzte Lesezeit":"2\u00a0Minuten"},"schema":{"@context":"https:\/\/schema.org","@graph":[{"@type":"WebPage","@id":"https:\/\/heimatverein-borghorst.de\/index.php\/neu-im-verein\/","url":"https:\/\/heimatverein-borghorst.de\/index.php\/neu-im-verein\/","name":"Neu im Verein - Heimatverein-Borghorst e.V.","isPartOf":{"@id":"https:\/\/heimatverein-borghorst.de\/#website"},"primaryImageOfPage":{"@id":"https:\/\/heimatverein-borghorst.de\/index.php\/neu-im-verein\/#primaryimage"},"image":{"@id":"https:\/\/heimatverein-borghorst.de\/index.php\/neu-im-verein\/#primaryimage"},"thumbnailUrl":"https:\/\/heimatverein-borghorst.de\/wp-content\/uploads\/2025\/07\/IMG_0511.jpg","datePublished":"2024-05-30T13:46:19+00:00","dateModified":"2026-01-06T15:25:17+00:00","breadcrumb":{"@id":"https:\/\/heimatverein-borghorst.de\/index.php\/neu-im-verein\/#breadcrumb"},"inLanguage":"de","potentialAction":[{"@type":"ReadAction","target":["https:\/\/heimatverein-borghorst.de\/index.php\/neu-im-verein\/"]}]},{"@type":"ImageObject","inLanguage":"de","@id":"https:\/\/heimatverein-borghorst.de\/index.php\/neu-im-verein\/#primaryimage","url":"https:\/\/heimatverein-borghorst.de\/wp-content\/uploads\/2025\/07\/IMG_0511.jpg","contentUrl":"https:\/\/heimatverein-borghorst.de\/wp-content\/uploads\/2025\/07\/IMG_0511.jpg","width":1440,"height":1920},{"@type":"BreadcrumbList","@id":"https:\/\/heimatverein-borghorst.de\/index.php\/neu-im-verein\/#breadcrumb","itemListElement":[{"@type":"ListItem","position":1,"name":"Startseite","item":"https:\/\/heimatverein-borghorst.de\/"},{"@type":"ListItem","position":2,"name":"Neu im Verein"}]},{"@type":"WebSite","@id":"https:\/\/heimatverein-borghorst.de\/#website","url":"https:\/\/heimatverein-borghorst.de\/","name":"Heimatverein-Borghorst e.V.","description":"","publisher":{"@id":"https:\/\/heimatverein-borghorst.de\/#organization"},"potentialAction":[{"@type":"SearchAction","target":{"@type":"EntryPoint","urlTemplate":"https:\/\/heimatverein-borghorst.de\/?s={search_term_string}"},"query-input":{"@type":"PropertyValueSpecification","valueRequired":true,"valueName":"search_term_string"}}],"inLanguage":"de"},{"@type":"Organization","@id":"https:\/\/heimatverein-borghorst.de\/#organization","name":"Heimatverein-Borghorst e.V.","url":"https:\/\/heimatverein-borghorst.de\/","logo":{"@type":"ImageObject","inLanguage":"de","@id":"https:\/\/heimatverein-borghorst.de\/#\/schema\/logo\/image\/","url":"https:\/\/heimatverein-borghorst.de\/wp-content\/uploads\/2024\/05\/Logo.jpg","contentUrl":"https:\/\/heimatverein-borghorst.de\/wp-content\/uploads\/2024\/05\/Logo.jpg","width":103,"height":121,"caption":"Heimatverein-Borghorst e.V."},"image":{"@id":"https:\/\/heimatverein-borghorst.de\/#\/schema\/logo\/image\/"}}]}},"_links":{"self":[{"href":"https:\/\/heimatverein-borghorst.de\/index.php\/wp-json\/wp\/v2\/pages\/564","targetHints":{"allow":["GET"]}}],"collection":[{"href":"https:\/\/heimatverein-borghorst.de\/index.php\/wp-json\/wp\/v2\/pages"}],"about":[{"href":"https:\/\/heimatverein-borghorst.de\/index.php\/wp-json\/wp\/v2\/types\/page"}],"author":[{"embeddable":true,"href":"https:\/\/heimatverein-borghorst.de\/index.php\/wp-json\/wp\/v2\/users\/5"}],"replies":[{"embeddable":true,"href":"https:\/\/heimatverein-borghorst.de\/index.php\/wp-json\/wp\/v2\/comments?post=564"}],"version-history":[{"count":30,"href":"https:\/\/heimatverein-borghorst.de\/index.php\/wp-json\/wp\/v2\/pages\/564\/revisions"}],"predecessor-version":[{"id":15056,"href":"https:\/\/heimatverein-borghorst.de\/index.php\/wp-json\/wp\/v2\/pages\/564\/revisions\/15056"}],"wp:attachment":[{"href":"https:\/\/heimatverein-borghorst.de\/index.php\/wp-json\/wp\/v2\/media?parent=564"}],"curies":[{"name":"wp","href":"https:\/\/api.w.org\/{rel}","templated":true}]}}